{"id":6123,"date":"2025-12-12T12:42:39","date_gmt":"2025-12-12T15:42:39","guid":{"rendered":"https:\/\/legalwings.com.br\/?page_id=6123"},"modified":"2025-12-15T09:42:59","modified_gmt":"2025-12-15T12:42:59","slug":"termos-de-uso","status":"publish","type":"page","link":"https:\/\/legalwings.com.br\/en\/termos-de-uso\/","title":{"rendered":"Terms of use"},"content":{"rendered":"<div data-elementor-type=\"wp-page\" data-elementor-id=\"6123\" class=\"elementor elementor-6123\" data-elementor-post-type=\"page\">\n\t\t\t\t<div class=\"has_ae_slider elementor-element elementor-element-d72d6ff e-flex e-con-boxed ae-bg-gallery-type-default e-con e-parent\" data-id=\"d72d6ff\" data-element_type=\"container\" data-e-type=\"container\">\n\t\t\t\t\t<div class=\"e-con-inner\">\n\t\t<div class=\"has_ae_slider elementor-element elementor-element-2f1c1cb e-con-full e-flex ae-bg-gallery-type-default e-con e-child\" data-id=\"2f1c1cb\" data-element_type=\"container\" data-e-type=\"container\">\n\t\t\t\t<div class=\"elementor-element elementor-element-6723640 elementor-widget elementor-widget-heading\" data-id=\"6723640\" data-element_type=\"widget\" data-e-type=\"widget\" data-widget_type=\"heading.default\">\n\t\t\t\t\t<h2 class=\"elementor-heading-title elementor-size-default\">Termos de Uso<\/h2>\t\t\t\t<\/div>\n\t\t\t\t<div class=\"elementor-element elementor-element-615ca3a elementor-widget elementor-widget-text-editor\" data-id=\"615ca3a\" data-element_type=\"widget\" data-e-type=\"widget\" data-widget_type=\"text-editor.default\">\n\t\t\t\t\t\t\t\t\t<p>\u00daltima atualiza\u00e7\u00e3o: 2025<\/p>\t\t\t\t\t\t\t\t<\/div>\n\t\t\t\t<\/div>\n\t\t\t\t<div class=\"elementor-element elementor-element-7003a2e elementor-widget elementor-widget-text-editor\" data-id=\"7003a2e\" data-element_type=\"widget\" data-e-type=\"widget\" data-widget_type=\"text-editor.default\">\n\t\t\t\t\t\t\t\t\tEsta Pol\u00edtica explica como o<span class=\"texts-medium\"> Legal Wings<\/span> coleta, usa, armazena e protege seus dados pessoais quando voc\u00ea acessa nosso site ou interage conosco. Nosso compromisso \u00e9 tratar seus dados de forma segura, transparente e respons\u00e1vel.\t\t\t\t\t\t\t\t<\/div>\n\t\t\t\t<div class=\"elementor-element elementor-element-2525926 elementor-widget elementor-widget-heading\" data-id=\"2525926\" data-element_type=\"widget\" data-e-type=\"widget\" data-widget_type=\"heading.default\">\n\t\t\t\t\t<h2 class=\"elementor-heading-title elementor-size-default\">Quem somos<\/h2>\t\t\t\t<\/div>\n\t\t\t\t<div class=\"elementor-element elementor-element-4e0b123 elementor-widget elementor-widget-text-editor\" data-id=\"4e0b123\" data-element_type=\"widget\" data-e-type=\"widget\" data-widget_type=\"text-editor.default\">\n\t\t\t\t\t\t\t\t\t<p>O Legal Wings \u00e9 uma organiza\u00e7\u00e3o dedicada \u00e0 pesquisa, ao debate p\u00fablico e \u00e0 produ\u00e7\u00e3o de conhecimento.<\/p><p>Somos o controlador dos dados pessoais coletados por meio deste site e para atividades relacionadas \u00e0 nossa atua\u00e7\u00e3o offline, como eventos e semin\u00e1rios.<\/p>\t\t\t\t\t\t\t\t<\/div>\n\t\t\t\t<div class=\"elementor-element elementor-element-357eb2b elementor-widget elementor-widget-heading\" data-id=\"357eb2b\" data-element_type=\"widget\" data-e-type=\"widget\" data-widget_type=\"heading.default\">\n\t\t\t\t\t<h2 class=\"elementor-heading-title elementor-size-default\">Propriedade intelectual<\/h2>\t\t\t\t<\/div>\n\t\t\t\t<div class=\"elementor-element elementor-element-bee612a elementor-widget elementor-widget-text-editor\" data-id=\"bee612a\" data-element_type=\"widget\" data-e-type=\"widget\" data-widget_type=\"text-editor.default\">\n\t\t\t\t\t\t\t\t\t<p>Todo o conte\u00fado do site \u2014 incluindo textos, imagens, v\u00eddeos, logotipos, identidade visual e publica\u00e7\u00f5es \u2014 pertence ao Legal Wings ou \u00e9 usado com permiss\u00e3o de terceiros.\u2028<br \/>Voc\u00ea pode compartilhar o material para fins informativos e educacionais, desde que cite a fonte.<\/p><p>Qualquer uso comercial exige autoriza\u00e7\u00e3o pr\u00e9via por escrito.<\/p>\t\t\t\t\t\t\t\t<\/div>\n\t\t\t\t<div class=\"elementor-element elementor-element-0d1001d elementor-widget elementor-widget-heading\" data-id=\"0d1001d\" data-element_type=\"widget\" data-e-type=\"widget\" data-widget_type=\"heading.default\">\n\t\t\t\t\t<h2 class=\"elementor-heading-title elementor-size-default\">Conte\u00fados informativos<\/h2>\t\t\t\t<\/div>\n\t\t\t\t<div class=\"elementor-element elementor-element-c40dcb7 elementor-widget elementor-widget-text-editor\" data-id=\"c40dcb7\" data-element_type=\"widget\" data-e-type=\"widget\" data-widget_type=\"text-editor.default\">\n\t\t\t\t\t\t\t\t\tOs materiais publicados no site t\u00eam car\u00e1ter <span class=\"texts-medium\">acad\u00eamico e informativo<\/span>.\n\nEles <span class=\"texts-medium\">n\u00e3o substituem consultoria jur\u00eddica<\/span>, parecer t\u00e9cnico ou aconselhamento profissional para casos espec\u00edficos.\t\t\t\t\t\t\t\t<\/div>\n\t\t\t\t<div class=\"elementor-element elementor-element-be80149 elementor-widget elementor-widget-heading\" data-id=\"be80149\" data-element_type=\"widget\" data-e-type=\"widget\" data-widget_type=\"heading.default\">\n\t\t\t\t\t<h2 class=\"elementor-heading-title elementor-size-default\">Privacy and data protection<\/h2>\t\t\t\t<\/div>\n\t\t\t\t<div class=\"elementor-element elementor-element-e69c5e5 elementor-widget elementor-widget-text-editor\" data-id=\"e69c5e5\" data-element_type=\"widget\" data-e-type=\"widget\" data-widget_type=\"text-editor.default\">\n\t\t\t\t\t\t\t\t\t<p>Coletamos apenas os dados necess\u00e1rios para oferecer nossos servi\u00e7os e melhorar sua\u2028experi\u00eancia no site. Em geral, coletamos apenas:<\/p><p>\u00a0<\/p><ul><li>Informa\u00e7\u00f5es enviadas por voc\u00ea (como nome, e-mail e mensagens).<\/li><li>Dados de navega\u00e7\u00e3o usados para estat\u00edsticas e melhoria do site (como Endere\u00e7o IP e cookies b\u00e1sicos para funcionamento do site).<\/li><\/ul><p>\u00a0<\/p><p><span class=\"texts-medium\">N\u00e3o coletamos dados sens\u00edveis<\/span> a menos que voc\u00ea nos envie voluntariamente (por exemplo, em um formul\u00e1rio ou mensagem).<\/p><p>\u00a0<\/p><p>Tratamos seus dados pessoais com base nas hip\u00f3teses previstas na LGPD, incluindo:<\/p><p>\u00a0<\/p><ul><li><span class=\"texts-medium\">Consentimento<\/span> (por exemplo, para newsletter);<\/li><li><span class=\"texts-medium\">Execu\u00e7\u00e3o de contrato ou medidas pr\u00e9-contratuais <\/span>(inscri\u00e7\u00e3o em eventos ou cursos);<\/li><li><span class=\"texts-medium\">Leg\u00edtimo interesse<\/span> (melhoria do site e estat\u00edsticas);<\/li><li><span class=\"texts-medium\">Cumprimento de obriga\u00e7\u00e3o legal.<\/span><\/li><\/ul><p>\u00a0<\/p><p><span style=\"text-decoration: underline;\"><a class=\"txt-clique-aqui\" href=\"https:\/\/legalwings.com.br\/en\/politica-de-privacidade\/\">Clique aqui<\/a><\/span> para ler nossa Pol\u00edtica completa.<\/p>\t\t\t\t\t\t\t\t<\/div>\n\t\t\t\t<div class=\"elementor-element elementor-element-1f31cd1 elementor-widget elementor-widget-heading\" data-id=\"1f31cd1\" data-element_type=\"widget\" data-e-type=\"widget\" data-widget_type=\"heading.default\">\n\t\t\t\t\t<h2 class=\"elementor-heading-title elementor-size-default\">Eventos, cursos e inscri\u00e7\u00f5es<\/h2>\t\t\t\t<\/div>\n\t\t\t\t<div class=\"elementor-element elementor-element-63b3413 elementor-widget elementor-widget-text-editor\" data-id=\"63b3413\" data-element_type=\"widget\" data-e-type=\"widget\" data-widget_type=\"text-editor.default\">\n\t\t\t\t\t\t\t\t\t<p>Quando voc\u00ea se inscreve em eventos ou cursos do Legal Wings, podemos solicitar informa\u00e7\u00f5es adicionais para organiza\u00e7\u00e3o log\u00edstica. Cada atividade pode ter regras espec\u00edficas, que ser\u00e3o informadas no momento da inscri\u00e7\u00e3o.<\/p>\t\t\t\t\t\t\t\t<\/div>\n\t\t\t\t<div class=\"elementor-element elementor-element-264688b elementor-widget elementor-widget-heading\" data-id=\"264688b\" data-element_type=\"widget\" data-e-type=\"widget\" data-widget_type=\"heading.default\">\n\t\t\t\t\t<h2 class=\"elementor-heading-title elementor-size-default\">Altera\u00e7\u00f5es do site e dos Termos<\/h2>\t\t\t\t<\/div>\n\t\t\t\t<div class=\"elementor-element elementor-element-1fc0b2b elementor-widget elementor-widget-text-editor\" data-id=\"1fc0b2b\" data-element_type=\"widget\" data-e-type=\"widget\" data-widget_type=\"text-editor.default\">\n\t\t\t\t\t\t\t\t\t<p>O Legal Wings pode atualizar o site, seus conte\u00fados e estes Termos a qualquer momento.<\/p>\t\t\t\t\t\t\t\t<\/div>\n\t\t\t\t<div class=\"elementor-element elementor-element-60d524e elementor-widget elementor-widget-heading\" data-id=\"60d524e\" data-element_type=\"widget\" data-e-type=\"widget\" data-widget_type=\"heading.default\">\n\t\t\t\t\t<h2 class=\"elementor-heading-title elementor-size-default\">Limita\u00e7\u00e3o de responsabilidade<\/h2>\t\t\t\t<\/div>\n\t\t\t\t<div class=\"elementor-element elementor-element-840b619 elementor-widget elementor-widget-text-editor\" data-id=\"840b619\" data-element_type=\"widget\" data-e-type=\"widget\" data-widget_type=\"text-editor.default\">\n\t\t\t\t\t\t\t\t\t<p>Apesar de buscarmos manter o site sempre atualizado e seguro:<\/p><ul><li>N\u00e3o garantimos disponibilidade cont\u00ednua da plataforma;<\/li><li>N\u00e3o garantimos que o conte\u00fado esteja livre de erros, embora fa\u00e7amos o poss\u00edvel para corrigi-los rapidamente;<\/li><li>N\u00e3o nos responsabilizamos por danos decorrentes de uso indevido do site ou de conte\u00fados externos.<\/li><\/ul>\t\t\t\t\t\t\t\t<\/div>\n\t\t\t\t<div class=\"elementor-element elementor-element-3c4e1b5 elementor-widget elementor-widget-heading\" data-id=\"3c4e1b5\" data-element_type=\"widget\" data-e-type=\"widget\" data-widget_type=\"heading.default\">\n\t\t\t\t\t<h2 class=\"elementor-heading-title elementor-size-default\">Contact<\/h2>\t\t\t\t<\/div>\n\t\t\t\t<div class=\"elementor-element elementor-element-912211c elementor-widget elementor-widget-text-editor\" data-id=\"912211c\" data-element_type=\"widget\" data-e-type=\"widget\" data-widget_type=\"text-editor.default\">\n\t\t\t\t\t\t\t\t\t<p>A vers\u00e3o mais recente desta Pol\u00edtica sempre estar\u00e1 dispon\u00edvel nesta p\u00e1gina, com indica\u00e7\u00e3o da data de atualiza\u00e7\u00e3o.<\/p>\t\t\t\t\t\t\t\t<\/div>\n\t\t\t\t\t<\/div>\n\t\t\t\t<\/div>\n\t\t\t\t<\/div>","protected":false},"excerpt":{"rendered":"<p>Termos de Uso \u00daltima atualiza\u00e7\u00e3o: 2025 Esta Pol\u00edtica explica como o Legal Wings coleta, usa, armazena e protege seus dados pessoais quando voc\u00ea acessa nosso site ou interage conosco. Nosso compromisso \u00e9 tratar seus dados de forma segura, transparente e respons\u00e1vel. Quem somos O Legal Wings \u00e9 uma organiza\u00e7\u00e3o dedicada \u00e0 pesquisa, ao debate p\u00fablico [&hellip;]<\/p>\n","protected":false},"author":2,"featured_media":0,"parent":0,"menu_order":0,"comment_status":"closed","ping_status":"closed","template":"","meta":{"_acf_changed":false,"footnotes":""},"class_list":["post-6123","page","type-page","status-publish","hentry"],"acf":[],"_links":{"self":[{"href":"https:\/\/legalwings.com.br\/en\/wp-json\/wp\/v2\/pages\/6123","targetHints":{"allow":["GET"]}}],"collection":[{"href":"https:\/\/legalwings.com.br\/en\/wp-json\/wp\/v2\/pages"}],"about":[{"href":"https:\/\/legalwings.com.br\/en\/wp-json\/wp\/v2\/types\/page"}],"author":[{"embeddable":true,"href":"https:\/\/legalwings.com.br\/en\/wp-json\/wp\/v2\/users\/2"}],"replies":[{"embeddable":true,"href":"https:\/\/legalwings.com.br\/en\/wp-json\/wp\/v2\/comments?post=6123"}],"version-history":[{"count":50,"href":"https:\/\/legalwings.com.br\/en\/wp-json\/wp\/v2\/pages\/6123\/revisions"}],"predecessor-version":[{"id":6252,"href":"https:\/\/legalwings.com.br\/en\/wp-json\/wp\/v2\/pages\/6123\/revisions\/6252"}],"wp:attachment":[{"href":"https:\/\/legalwings.com.br\/en\/wp-json\/wp\/v2\/media?parent=6123"}],"curies":[{"name":"wp","href":"https:\/\/api.w.org\/{rel}","templated":true}]}}